{"id":3819,"date":"2025-04-25T20:54:27","date_gmt":"2025-04-25T20:54:27","guid":{"rendered":"https:\/\/affaryet.com\/?page_id=3819"},"modified":"2025-05-04T21:12:41","modified_gmt":"2025-05-04T21:12:41","slug":"el-manar","status":"publish","type":"page","link":"https:\/\/affaryet.com\/?page_id=3819","title":{"rendered":"El Manar"},"content":{"rendered":"\t\t<div data-elementor-type=\"wp-page\" data-elementor-id=\"3819\" class=\"elementor elementor-3819\">\n\t\t\t\t<div class=\"elementor-element elementor-element-dbdbadc e-con-full e-flex e-con e-parent\" data-id=\"dbdbadc\" data-element_type=\"container\" data-settings=\"{&quot;background_background&quot;:&quot;classic&quot;}\">\n\t\t<div class=\"elementor-element elementor-element-44875dc e-con-full e-flex e-con e-child\" data-id=\"44875dc\" data-element_type=\"container\">\n\t\t\t\t<\/div>\n\t\t<div class=\"elementor-element elementor-element-f822bac e-con-full e-flex e-con e-child\" data-id=\"f822bac\" data-element_type=\"container\">\n\t\t\t\t<div class=\"elementor-element elementor-element-7a5f398 elementor-widget elementor-widget-image\" data-id=\"7a5f398\" data-element_type=\"widget\" data-widget_type=\"image.default\">\n\t\t\t\t<div class=\"elementor-widget-container\">\n\t\t\t\t\t\t\t\t\t\t\t\t\t\t\t\t<a href=\"https:\/\/affaryet.com\/\">\n\t\t\t\t\t\t\t<img decoding=\"async\" width=\"300\" height=\"95\" src=\"https:\/\/affaryet.com\/wp-content\/uploads\/2025\/04\/image__1_-removebg-preview-300x95.png\" class=\"attachment-medium size-medium wp-image-3467\" alt=\"\" srcset=\"https:\/\/affaryet.com\/wp-content\/uploads\/2025\/04\/image__1_-removebg-preview-300x95.png 300w, https:\/\/affaryet.com\/wp-content\/uploads\/2025\/04\/image__1_-removebg-preview.png 516w\" sizes=\"(max-width: 300px) 100vw, 300px\" \/>\t\t\t\t\t\t\t\t<\/a>\n\t\t\t\t\t\t\t\t\t\t\t\t\t\t\t<\/div>\n\t\t\t\t<\/div>\n\t\t\t\t<\/div>\n\t\t<div class=\"elementor-element elementor-element-8d0df81 e-con-full e-flex e-con e-child\" data-id=\"8d0df81\" data-element_type=\"container\">\n\t\t\t\t<\/div>\n\t\t<div class=\"elementor-element elementor-element-111f39c e-con-full e-flex e-con e-child\" data-id=\"111f39c\" data-element_type=\"container\">\n\t\t\t\t<div class=\"elementor-element elementor-element-d40b269 hfe-nav-menu__align-left hfe-submenu-icon-arrow hfe-submenu-animation-none hfe-link-redirect-child hfe-nav-menu__breakpoint-tablet elementor-widget elementor-widget-navigation-menu\" data-id=\"d40b269\" data-element_type=\"widget\" data-settings=\"{&quot;padding_horizontal_menu_item&quot;:{&quot;unit&quot;:&quot;px&quot;,&quot;size&quot;:15,&quot;sizes&quot;:[]},&quot;padding_horizontal_menu_item_tablet&quot;:{&quot;unit&quot;:&quot;px&quot;,&quot;size&quot;:&quot;&quot;,&quot;sizes&quot;:[]},&quot;padding_horizontal_menu_item_mobile&quot;:{&quot;unit&quot;:&quot;px&quot;,&quot;size&quot;:&quot;&quot;,&quot;sizes&quot;:[]},&quot;padding_vertical_menu_item&quot;:{&quot;unit&quot;:&quot;px&quot;,&quot;size&quot;:15,&quot;sizes&quot;:[]},&quot;padding_vertical_menu_item_tablet&quot;:{&quot;unit&quot;:&quot;px&quot;,&quot;size&quot;:&quot;&quot;,&quot;sizes&quot;:[]},&quot;padding_vertical_menu_item_mobile&quot;:{&quot;unit&quot;:&quot;px&quot;,&quot;size&quot;:&quot;&quot;,&quot;sizes&quot;:[]},&quot;menu_space_between&quot;:{&quot;unit&quot;:&quot;px&quot;,&quot;size&quot;:&quot;&quot;,&quot;sizes&quot;:[]},&quot;menu_space_between_tablet&quot;:{&quot;unit&quot;:&quot;px&quot;,&quot;size&quot;:&quot;&quot;,&quot;sizes&quot;:[]},&quot;menu_space_between_mobile&quot;:{&quot;unit&quot;:&quot;px&quot;,&quot;size&quot;:&quot;&quot;,&quot;sizes&quot;:[]},&quot;menu_row_space&quot;:{&quot;unit&quot;:&quot;px&quot;,&quot;size&quot;:&quot;&quot;,&quot;sizes&quot;:[]},&quot;menu_row_space_tablet&quot;:{&quot;unit&quot;:&quot;px&quot;,&quot;size&quot;:&quot;&quot;,&quot;sizes&quot;:[]},&quot;menu_row_space_mobile&quot;:{&quot;unit&quot;:&quot;px&quot;,&quot;size&quot;:&quot;&quot;,&quot;sizes&quot;:[]},&quot;dropdown_border_radius&quot;:{&quot;unit&quot;:&quot;px&quot;,&quot;top&quot;:&quot;&quot;,&quot;right&quot;:&quot;&quot;,&quot;bottom&quot;:&quot;&quot;,&quot;left&quot;:&quot;&quot;,&quot;isLinked&quot;:true},&quot;dropdown_border_radius_tablet&quot;:{&quot;unit&quot;:&quot;px&quot;,&quot;top&quot;:&quot;&quot;,&quot;right&quot;:&quot;&quot;,&quot;bottom&quot;:&quot;&quot;,&quot;left&quot;:&quot;&quot;,&quot;isLinked&quot;:true},&quot;dropdown_border_radius_mobile&quot;:{&quot;unit&quot;:&quot;px&quot;,&quot;top&quot;:&quot;&quot;,&quot;right&quot;:&quot;&quot;,&quot;bottom&quot;:&quot;&quot;,&quot;left&quot;:&quot;&quot;,&quot;isLinked&quot;:true},&quot;width_dropdown_item&quot;:{&quot;unit&quot;:&quot;px&quot;,&quot;size&quot;:&quot;220&quot;,&quot;sizes&quot;:[]},&quot;width_dropdown_item_tablet&quot;:{&quot;unit&quot;:&quot;px&quot;,&quot;size&quot;:&quot;&quot;,&quot;sizes&quot;:[]},&quot;width_dropdown_item_mobile&quot;:{&quot;unit&quot;:&quot;px&quot;,&quot;size&quot;:&quot;&quot;,&quot;sizes&quot;:[]},&quot;padding_horizontal_dropdown_item&quot;:{&quot;unit&quot;:&quot;px&quot;,&quot;size&quot;:&quot;&quot;,&quot;sizes&quot;:[]},&quot;padding_horizontal_dropdown_item_tablet&quot;:{&quot;unit&quot;:&quot;px&quot;,&quot;size&quot;:&quot;&quot;,&quot;sizes&quot;:[]},&quot;padding_horizontal_dropdown_item_mobile&quot;:{&quot;unit&quot;:&quot;px&quot;,&quot;size&quot;:&quot;&quot;,&quot;sizes&quot;:[]},&quot;padding_vertical_dropdown_item&quot;:{&quot;unit&quot;:&quot;px&quot;,&quot;size&quot;:15,&quot;sizes&quot;:[]},&quot;padding_vertical_dropdown_item_tablet&quot;:{&quot;unit&quot;:&quot;px&quot;,&quot;size&quot;:&quot;&quot;,&quot;sizes&quot;:[]},&quot;padding_vertical_dropdown_item_mobile&quot;:{&quot;unit&quot;:&quot;px&quot;,&quot;size&quot;:&quot;&quot;,&quot;sizes&quot;:[]},&quot;distance_from_menu&quot;:{&quot;unit&quot;:&quot;px&quot;,&quot;size&quot;:&quot;&quot;,&quot;sizes&quot;:[]},&quot;distance_from_menu_tablet&quot;:{&quot;unit&quot;:&quot;px&quot;,&quot;size&quot;:&quot;&quot;,&quot;sizes&quot;:[]},&quot;distance_from_menu_mobile&quot;:{&quot;unit&quot;:&quot;px&quot;,&quot;size&quot;:&quot;&quot;,&quot;sizes&quot;:[]},&quot;toggle_size&quot;:{&quot;unit&quot;:&quot;px&quot;,&quot;size&quot;:&quot;&quot;,&quot;sizes&quot;:[]},&quot;toggle_size_tablet&quot;:{&quot;unit&quot;:&quot;px&quot;,&quot;size&quot;:&quot;&quot;,&quot;sizes&quot;:[]},&quot;toggle_size_mobile&quot;:{&quot;unit&quot;:&quot;px&quot;,&quot;size&quot;:&quot;&quot;,&quot;sizes&quot;:[]},&quot;toggle_border_width&quot;:{&quot;unit&quot;:&quot;px&quot;,&quot;size&quot;:&quot;&quot;,&quot;sizes&quot;:[]},&quot;toggle_border_width_tablet&quot;:{&quot;unit&quot;:&quot;px&quot;,&quot;size&quot;:&quot;&quot;,&quot;sizes&quot;:[]},&quot;toggle_border_width_mobile&quot;:{&quot;unit&quot;:&quot;px&quot;,&quot;size&quot;:&quot;&quot;,&quot;sizes&quot;:[]},&quot;toggle_border_radius&quot;:{&quot;unit&quot;:&quot;px&quot;,&quot;size&quot;:&quot;&quot;,&quot;sizes&quot;:[]},&quot;toggle_border_radius_tablet&quot;:{&quot;unit&quot;:&quot;px&quot;,&quot;size&quot;:&quot;&quot;,&quot;sizes&quot;:[]},&quot;toggle_border_radius_mobile&quot;:{&quot;unit&quot;:&quot;px&quot;,&quot;size&quot;:&quot;&quot;,&quot;sizes&quot;:[]}}\" data-widget_type=\"navigation-menu.default\">\n\t\t\t\t<div class=\"elementor-widget-container\">\n\t\t\t\t\t\t\t\t<div class=\"hfe-nav-menu hfe-layout-horizontal hfe-nav-menu-layout horizontal hfe-pointer__none\" data-layout=\"horizontal\">\n\t\t\t\t<div role=\"button\" class=\"hfe-nav-menu__toggle elementor-clickable\">\n\t\t\t\t\t<span class=\"screen-reader-text\">Menu<\/span>\n\t\t\t\t\t<div class=\"hfe-nav-menu-icon\">\n\t\t\t\t\t\t<svg aria-hidden=\"true\"  class=\"e-font-icon-svg e-fas-align-justify\" viewBox=\"0 0 448 512\" xmlns=\"http:\/\/www.w3.org\/2000\/svg\"><path d=\"M432 416H16a16 16 0 0 0-16 16v32a16 16 0 0 0 16 16h416a16 16 0 0 0 16-16v-32a16 16 0 0 0-16-16zm0-128H16a16 16 0 0 0-16 16v32a16 16 0 0 0 16 16h416a16 16 0 0 0 16-16v-32a16 16 0 0 0-16-16zm0-128H16a16 16 0 0 0-16 16v32a16 16 0 0 0 16 16h416a16 16 0 0 0 16-16v-32a16 16 0 0 0-16-16zm0-128H16A16 16 0 0 0 0 48v32a16 16 0 0 0 16 16h416a16 16 0 0 0 16-16V48a16 16 0 0 0-16-16z\"><\/path><\/svg>\t\t\t\t\t<\/div>\n\t\t\t\t<\/div>\n\t\t\t\t<nav class=\"hfe-nav-menu__layout-horizontal hfe-nav-menu__submenu-arrow\" data-toggle-icon=\"&lt;svg aria-hidden=&quot;true&quot; tabindex=&quot;0&quot; class=&quot;e-font-icon-svg e-fas-align-justify&quot; viewBox=&quot;0 0 448 512&quot; xmlns=&quot;http:\/\/www.w3.org\/2000\/svg&quot;&gt;&lt;path d=&quot;M432 416H16a16 16 0 0 0-16 16v32a16 16 0 0 0 16 16h416a16 16 0 0 0 16-16v-32a16 16 0 0 0-16-16zm0-128H16a16 16 0 0 0-16 16v32a16 16 0 0 0 16 16h416a16 16 0 0 0 16-16v-32a16 16 0 0 0-16-16zm0-128H16a16 16 0 0 0-16 16v32a16 16 0 0 0 16 16h416a16 16 0 0 0 16-16v-32a16 16 0 0 0-16-16zm0-128H16A16 16 0 0 0 0 48v32a16 16 0 0 0 16 16h416a16 16 0 0 0 16-16V48a16 16 0 0 0-16-16z&quot;&gt;&lt;\/path&gt;&lt;\/svg&gt;\" data-close-icon=\"&lt;svg aria-hidden=&quot;true&quot; tabindex=&quot;0&quot; class=&quot;e-font-icon-svg e-far-window-close&quot; viewBox=&quot;0 0 512 512&quot; xmlns=&quot;http:\/\/www.w3.org\/2000\/svg&quot;&gt;&lt;path d=&quot;M464 32H48C21.5 32 0 53.5 0 80v352c0 26.5 21.5 48 48 48h416c26.5 0 48-21.5 48-48V80c0-26.5-21.5-48-48-48zm0 394c0 3.3-2.7 6-6 6H54c-3.3 0-6-2.7-6-6V86c0-3.3 2.7-6 6-6h404c3.3 0 6 2.7 6 6v340zM356.5 194.6L295.1 256l61.4 61.4c4.6 4.6 4.6 12.1 0 16.8l-22.3 22.3c-4.6 4.6-12.1 4.6-16.8 0L256 295.1l-61.4 61.4c-4.6 4.6-12.1 4.6-16.8 0l-22.3-22.3c-4.6-4.6-4.6-12.1 0-16.8l61.4-61.4-61.4-61.4c-4.6-4.6-4.6-12.1 0-16.8l22.3-22.3c4.6-4.6 12.1-4.6 16.8 0l61.4 61.4 61.4-61.4c4.6-4.6 12.1-4.6 16.8 0l22.3 22.3c4.7 4.6 4.7 12.1 0 16.8z&quot;&gt;&lt;\/path&gt;&lt;\/svg&gt;\" data-full-width=\"yes\">\n\t\t\t\t\t<ul id=\"menu-1-d40b269\" class=\"hfe-nav-menu\"><li id=\"menu-item-3792\" class=\"menu-item menu-item-type-post_type menu-item-object-page menu-item-home parent hfe-creative-menu\"><a href=\"https:\/\/affaryet.com\/\" class = \"hfe-menu-item\">HOME<\/a><\/li>\n<li id=\"menu-item-3773\" class=\"menu-item menu-item-type-post_type menu-item-object-page parent hfe-creative-menu\"><a href=\"https:\/\/affaryet.com\/?page_id=3767\" class = \"hfe-menu-item\">FOR CREATORS<\/a><\/li>\n<li id=\"menu-item-3686\" class=\"menu-item menu-item-type-post_type menu-item-object-page parent hfe-creative-menu\"><a href=\"https:\/\/affaryet.com\/?page_id=3674\" class = \"hfe-menu-item\">FOR BRANDS<\/a><\/li>\n<li id=\"menu-item-3763\" class=\"menu-item menu-item-type-post_type menu-item-object-page parent hfe-creative-menu\"><a href=\"https:\/\/affaryet.com\/?page_id=3757\" class = \"hfe-menu-item\">CONTACT<\/a><\/li>\n<\/ul> \n\t\t\t\t<\/nav>\n\t\t\t<\/div>\n\t\t\t\t\t\t\t<\/div>\n\t\t\t\t<\/div>\n\t\t\t\t<\/div>\n\t\t\t\t<\/div>\n\t\t<div class=\"elementor-element elementor-element-a5d7fc4 e-flex e-con-boxed e-con e-parent\" data-id=\"a5d7fc4\" data-element_type=\"container\" data-settings=\"{&quot;background_background&quot;:&quot;classic&quot;}\">\n\t\t\t\t\t<div class=\"e-con-inner\">\n\t\t<div class=\"elementor-element elementor-element-20358d0 e-con-full e-flex e-con e-child\" data-id=\"20358d0\" data-element_type=\"container\" data-settings=\"{&quot;background_background&quot;:&quot;classic&quot;}\">\n\t\t<div class=\"elementor-element elementor-element-599ba13 e-con-full e-flex e-con e-child\" data-id=\"599ba13\" data-element_type=\"container\">\n\t\t<div class=\"elementor-element elementor-element-0514c8f e-con-full e-flex e-con e-child\" data-id=\"0514c8f\" data-element_type=\"container\" data-settings=\"{&quot;background_background&quot;:&quot;classic&quot;}\">\n\t\t\t\t<div class=\"elementor-element elementor-element-cd2fbd2 tj_section_align elementor-align-left elementor-widget elementor-widget-tj-section-title\" data-id=\"cd2fbd2\" data-element_type=\"widget\" data-widget_type=\"tj-section-title.default\">\n\t\t\t\t<div class=\"elementor-widget-container\">\n\t\t\t\t\t\n<div class=\"section-header\">\n      <h2 data-wow-delay=\"0.3s\" class=\"section-title wow fadeInUp\">\n            La marque El Manar     <\/h2>\n        <div data-wow-delay=\"0.4s\" class=\"desc wow fadeInUp\">\n      <ul><li>Thon El Manar (budget pr\u00e9vu : 200 DT)<\/li><li>Harissa El Manar (budget pr\u00e9vu : 200 DT)<\/li><\/ul><p><strong>Objectif<\/strong> : Cr\u00e9er un contenu accessible \u00e0 tous, \u00e0 partager sur les r\u00e9seaux sociaux.<\/p><p><strong>Comment participer ?<\/strong><br \/>Envoyez votre vid\u00e9o via <strong>WhatsApp<\/strong> au [num\u00e9ro X] en mentionnant :<br \/>\u00a0Votre <strong>nom complet<\/strong><br \/>\u00a0Le <strong>nom du produit utilis\u00e9<\/strong><\/p><p>Nous s\u00e9lectionnerons les meilleures vid\u00e9os pour notre campagne.<br \/>Merci pour votre cr\u00e9ativit\u00e9 et votre participation<\/p>    <\/div>\n  <\/div>\n\n\t\t\t\t<\/div>\n\t\t\t\t<\/div>\n\t\t\t\t<div class=\"elementor-element elementor-element-2828f9c tj_el_button elementor-align-left elementor-widget elementor-widget-tj-button\" data-id=\"2828f9c\" data-element_type=\"widget\" data-widget_type=\"tj-button.default\">\n\t\t\t\t<div class=\"elementor-widget-container\">\n\t\t\t\t\t    <div class=\"tj_btn_wrapper wow fadeInUp\" data-wow-delay=\"0.5s\">\n\n              <a href=\"http:\/\/wa.me\/21655143901\" class=\"tj-btn-primary-2 wow fadeInUp\" data-wow-delay=\"0.5s\">\n          Whatsapp          <span class=\"icon_box\">\n            <i class=\"fa-regular fa-arrow-right icon_first\"><\/i>\n            <i class=\"fa-regular fa-arrow-right icon_second\"><\/i>\n          <\/span>\n        <\/a>\n          <\/div>\n\n\t\t\t\t<\/div>\n\t\t\t\t<\/div>\n\t\t\t\t<\/div>\n\t\t<div class=\"elementor-element elementor-element-5fbfe17 e-con-full e-flex e-con e-child\" data-id=\"5fbfe17\" data-element_type=\"container\" data-settings=\"{&quot;background_background&quot;:&quot;classic&quot;}\">\n\t\t<div class=\"elementor-element elementor-element-64f97a2 e-con-full e-flex e-con e-child\" data-id=\"64f97a2\" data-element_type=\"container\">\n\t\t\t\t<\/div>\n\t\t\t\t<div class=\"elementor-element elementor-element-fffc9d8 elementor-widget elementor-widget-image\" data-id=\"fffc9d8\" data-element_type=\"widget\" data-widget_type=\"image.default\">\n\t\t\t\t<div class=\"elementor-widget-container\">\n\t\t\t\t\t\t\t\t\t\t\t\t\t\t\t<img fetchpriority=\"high\" decoding=\"async\" width=\"282\" height=\"884\" src=\"https:\/\/affaryet.com\/wp-content\/uploads\/2025\/04\/1__1_-removebg-preview.png\" class=\"attachment-full size-full wp-image-3565\" alt=\"\" srcset=\"https:\/\/affaryet.com\/wp-content\/uploads\/2025\/04\/1__1_-removebg-preview.png 282w, https:\/\/affaryet.com\/wp-content\/uploads\/2025\/04\/1__1_-removebg-preview-96x300.png 96w\" sizes=\"(max-width: 282px) 100vw, 282px\" \/>\t\t\t\t\t\t\t\t\t\t\t\t\t\t\t<\/div>\n\t\t\t\t<\/div>\n\t\t\t\t<div class=\"elementor-element elementor-element-0d2ebf2 elementor-widget elementor-widget-image\" data-id=\"0d2ebf2\" data-element_type=\"widget\" data-widget_type=\"image.default\">\n\t\t\t\t<div class=\"elementor-widget-container\">\n\t\t\t\t\t\t\t\t\t\t\t\t\t\t\t<img decoding=\"async\" width=\"200\" height=\"200\" src=\"https:\/\/affaryet.com\/wp-content\/uploads\/2025\/04\/Manar-700g.png\" class=\"attachment-full size-full wp-image-3564\" alt=\"\" srcset=\"https:\/\/affaryet.com\/wp-content\/uploads\/2025\/04\/Manar-700g.png 200w, https:\/\/affaryet.com\/wp-content\/uploads\/2025\/04\/Manar-700g-150x150.png 150w\" sizes=\"(max-width: 200px) 100vw, 200px\" \/>\t\t\t\t\t\t\t\t\t\t\t\t\t\t\t<\/div>\n\t\t\t\t<\/div>\n\t\t\t\t<\/div>\n\t\t\t\t<\/div>\n\t\t\t\t<\/div>\n\t\t\t\t\t<\/div>\n\t\t\t\t<\/div>\n\t\t<div class=\"elementor-element elementor-element-4724c13 e-flex e-con-boxed e-con e-parent\" data-id=\"4724c13\" data-element_type=\"container\" data-settings=\"{&quot;background_background&quot;:&quot;classic&quot;}\">\n\t\t\t\t\t<div class=\"e-con-inner\">\n\t\t\t\t<div class=\"elementor-element elementor-element-d8d552e elementor-shape-circle elementor-grid-0 e-grid-align-center elementor-widget elementor-widget-social-icons\" data-id=\"d8d552e\" data-element_type=\"widget\" data-widget_type=\"social-icons.default\">\n\t\t\t\t<div class=\"elementor-widget-container\">\n\t\t\t\t\t\t\t<div class=\"elementor-social-icons-wrapper elementor-grid\">\n\t\t\t\t\t\t\t<span class=\"elementor-grid-item\">\n\t\t\t\t\t<a class=\"elementor-icon elementor-social-icon elementor-social-icon-facebook elementor-repeater-item-fdd93e6\" target=\"_blank\">\n\t\t\t\t\t\t<span class=\"elementor-screen-only\">Facebook<\/span>\n\t\t\t\t\t\t<svg class=\"e-font-icon-svg e-fab-facebook\" viewBox=\"0 0 512 512\" xmlns=\"http:\/\/www.w3.org\/2000\/svg\"><path d=\"M504 256C504 119 393 8 256 8S8 119 8 256c0 123.78 90.69 226.38 209.25 245V327.69h-63V256h63v-54.64c0-62.15 37-96.48 93.67-96.48 27.14 0 55.52 4.84 55.52 4.84v61h-31.28c-30.8 0-40.41 19.12-40.41 38.73V256h68.78l-11 71.69h-57.78V501C413.31 482.38 504 379.78 504 256z\"><\/path><\/svg>\t\t\t\t\t<\/a>\n\t\t\t\t<\/span>\n\t\t\t\t\t\t\t<span class=\"elementor-grid-item\">\n\t\t\t\t\t<a class=\"elementor-icon elementor-social-icon elementor-social-icon-instagram elementor-repeater-item-c991ae9\" href=\"https:\/\/www.instagram.com\/affaryet_digital_1?igsh=MW9hNmh3emYxeHlm\" target=\"_blank\">\n\t\t\t\t\t\t<span class=\"elementor-screen-only\">Instagram<\/span>\n\t\t\t\t\t\t<svg class=\"e-font-icon-svg e-fab-instagram\" viewBox=\"0 0 448 512\" xmlns=\"http:\/\/www.w3.org\/2000\/svg\"><path d=\"M224.1 141c-63.6 0-114.9 51.3-114.9 114.9s51.3 114.9 114.9 114.9S339 319.5 339 255.9 287.7 141 224.1 141zm0 189.6c-41.1 0-74.7-33.5-74.7-74.7s33.5-74.7 74.7-74.7 74.7 33.5 74.7 74.7-33.6 74.7-74.7 74.7zm146.4-194.3c0 14.9-12 26.8-26.8 26.8-14.9 0-26.8-12-26.8-26.8s12-26.8 26.8-26.8 26.8 12 26.8 26.8zm76.1 27.2c-1.7-35.9-9.9-67.7-36.2-93.9-26.2-26.2-58-34.4-93.9-36.2-37-2.1-147.9-2.1-184.9 0-35.8 1.7-67.6 9.9-93.9 36.1s-34.4 58-36.2 93.9c-2.1 37-2.1 147.9 0 184.9 1.7 35.9 9.9 67.7 36.2 93.9s58 34.4 93.9 36.2c37 2.1 147.9 2.1 184.9 0 35.9-1.7 67.7-9.9 93.9-36.2 26.2-26.2 34.4-58 36.2-93.9 2.1-37 2.1-147.8 0-184.8zM398.8 388c-7.8 19.6-22.9 34.7-42.6 42.6-29.5 11.7-99.5 9-132.1 9s-102.7 2.6-132.1-9c-19.6-7.8-34.7-22.9-42.6-42.6-11.7-29.5-9-99.5-9-132.1s-2.6-102.7 9-132.1c7.8-19.6 22.9-34.7 42.6-42.6 29.5-11.7 99.5-9 132.1-9s102.7-2.6 132.1 9c19.6 7.8 34.7 22.9 42.6 42.6 11.7 29.5 9 99.5 9 132.1s2.7 102.7-9 132.1z\"><\/path><\/svg>\t\t\t\t\t<\/a>\n\t\t\t\t<\/span>\n\t\t\t\t\t\t\t<span class=\"elementor-grid-item\">\n\t\t\t\t\t<a class=\"elementor-icon elementor-social-icon elementor-social-icon-linkedin elementor-repeater-item-7f5f738\" target=\"_blank\">\n\t\t\t\t\t\t<span class=\"elementor-screen-only\">Linkedin<\/span>\n\t\t\t\t\t\t<svg class=\"e-font-icon-svg e-fab-linkedin\" viewBox=\"0 0 448 512\" xmlns=\"http:\/\/www.w3.org\/2000\/svg\"><path d=\"M416 32H31.9C14.3 32 0 46.5 0 64.3v383.4C0 465.5 14.3 480 31.9 480H416c17.6 0 32-14.5 32-32.3V64.3c0-17.8-14.4-32.3-32-32.3zM135.4 416H69V202.2h66.5V416zm-33.2-243c-21.3 0-38.5-17.3-38.5-38.5S80.9 96 102.2 96c21.2 0 38.5 17.3 38.5 38.5 0 21.3-17.2 38.5-38.5 38.5zm282.1 243h-66.4V312c0-24.8-.5-56.7-34.5-56.7-34.6 0-39.9 27-39.9 54.9V416h-66.4V202.2h63.7v29.2h.9c8.9-16.8 30.6-34.5 62.9-34.5 67.2 0 79.7 44.3 79.7 101.9V416z\"><\/path><\/svg>\t\t\t\t\t<\/a>\n\t\t\t\t<\/span>\n\t\t\t\t\t<\/div>\n\t\t\t\t\t\t<\/div>\n\t\t\t\t<\/div>\n\t\t\t\t\t<\/div>\n\t\t\t\t<\/div>\n\t\t<div class=\"elementor-element elementor-element-244fae6 e-flex e-con-boxed e-con e-parent\" data-id=\"244fae6\" data-element_type=\"container\" data-settings=\"{&quot;background_background&quot;:&quot;classic&quot;}\">\n\t\t\t\t\t<div class=\"e-con-inner\">\n\t\t\t\t<div class=\"elementor-element elementor-element-c6f1da2 elementor-widget elementor-widget-heading\" data-id=\"c6f1da2\" data-element_type=\"widget\" data-widget_type=\"heading.default\">\n\t\t\t\t<div class=\"elementor-widget-container\">\n\t\t\t\t\t<h2 class=\"elementor-heading-title elementor-size-default\">\u00a9 2024 All rights reserved by Affaryet<\/h2>\t\t\t\t<\/div>\n\t\t\t\t<\/div>\n\t\t\t\t\t<\/div>\n\t\t\t\t<\/div>\n\t\t\t\t<\/div>\n\t\t","protected":false},"excerpt":{"rendered":"<p>Menu HOME FOR CREATORS FOR BRANDS CONTACT La marque El Manar Thon El Manar (budget pr\u00e9vu : 200 DT) Harissa El Manar (budget pr\u00e9vu : 200 DT) Objectif : Cr\u00e9er un contenu accessible \u00e0 tous, \u00e0 partager sur les r\u00e9seaux sociaux. Comment participer ?Envoyez votre vid\u00e9o via WhatsApp au [num\u00e9ro X] en mentionnant :\u00a0Votre nom [&hellip;]<\/p>\n","protected":false},"author":1,"featured_media":0,"parent":0,"menu_order":0,"comment_status":"closed","ping_status":"closed","template":"elementor_header_footer","meta":{"_monsterinsights_skip_tracking":false,"_monsterinsights_sitenote_active":false,"_monsterinsights_sitenote_note":"","_monsterinsights_sitenote_category":0,"footnotes":""},"class_list":["post-3819","page","type-page","status-publish","hentry"],"aioseo_notices":[],"_links":{"self":[{"href":"https:\/\/affaryet.com\/index.php?rest_route=\/wp\/v2\/pages\/3819","targetHints":{"allow":["GET"]}}],"collection":[{"href":"https:\/\/affaryet.com\/index.php?rest_route=\/wp\/v2\/pages"}],"about":[{"href":"https:\/\/affaryet.com\/index.php?rest_route=\/wp\/v2\/types\/page"}],"author":[{"embeddable":true,"href":"https:\/\/affaryet.com\/index.php?rest_route=\/wp\/v2\/users\/1"}],"replies":[{"embeddable":true,"href":"https:\/\/affaryet.com\/index.php?rest_route=%2Fwp%2Fv2%2Fcomments&post=3819"}],"version-history":[{"count":19,"href":"https:\/\/affaryet.com\/index.php?rest_route=\/wp\/v2\/pages\/3819\/revisions"}],"predecessor-version":[{"id":4046,"href":"https:\/\/affaryet.com\/index.php?rest_route=\/wp\/v2\/pages\/3819\/revisions\/4046"}],"wp:attachment":[{"href":"https:\/\/affaryet.com\/index.php?rest_route=%2Fwp%2Fv2%2Fmedia&parent=3819"}],"curies":[{"name":"wp","href":"https:\/\/api.w.org\/{rel}","templated":true}]}}